{"id":84,"date":"2015-06-23T15:41:23","date_gmt":"2015-06-23T13:41:23","guid":{"rendered":"http:\/\/kubieniec.de\/?page_id=84"},"modified":"2024-01-22T10:58:17","modified_gmt":"2024-01-22T09:58:17","slug":"trauerfall-die-checkliste","status":"publish","type":"page","link":"http:\/\/kubieniec.de\/?page_id=84","title":{"rendered":"Trauerfall &#8211; Was nun?"},"content":{"rendered":"<h2>Was ist im Trauerfall zu beachten?<\/h2>\n<p>1. Wenn jemand zu Hause stirbt, muss zun\u00e4chst ein Arzt, am besten der Hausarzt, benachrichtigt werden, um die Todesbescheinigung auszustellen. Tritt der Sterbefall in einem Krankenhaus, einem Senioren- oder Pflegeheim ein, k\u00fcmmert sich die Verwaltung darum.<\/p>\n<p>2. Den Bestatter Ihres Vertrauens anrufen. Das Bestattungsinstitut erledigt fr\u00fchzeitig die zahlreichen Beh\u00f6rdeng\u00e4nge f\u00fcr Sie, die der Gesetzgeber vorschreibt und mit denen sich die meisten Angeh\u00f6rigen nicht unn\u00f6tig belasten wollen.<\/p>\n<p><strong>Sie erreichen uns Tag und Nacht unter <\/strong><br \/>\n<strong>folgender Nummer: 05563-5677 oder 05382-2512<br \/>\n<\/strong><\/p>\n<p>3. Abschied vom Verstorbenen: Der bewusste Abschied von einem Verstorbenen ist sehr wichtig. Wir empfehlen daher, einen Menschen, der in seiner vertrauten Umgebung gestorben ist, nicht sofort abholen zu lassen, bis zu 36 Stunden sind lt. Bestattungsgesetzt m\u00f6glich. Diese Zeit kann bei der Verarbeitung der Trauer sehr helfen.<\/p>\n<p>4. Versorgung und \u00dcberf\u00fchrung des Verstorbenen: Die Familie kann den Verstorbenen waschen, ankleiden und f\u00fcr die \u00dcberf\u00fchrung vorbereiten oder wir \u00fcbernehmen dies unter Ber\u00fccksichtigung Ihrer W\u00fcnsche f\u00fcr Sie. Danach \u00fcberf\u00fchren wir den Verstorbenen in unseren Klimaraum, dort verbleibt die verstorbene Person bis zur \u00dcberf\u00fchrung in das Krematorium oder zur Beisetzung.<\/p>\n","protected":false},"excerpt":{"rendered":"<p>Was ist im Trauerfall zu beachten? 1. Wenn jemand zu Hause stirbt, muss zun\u00e4chst ein Arzt, am besten der Hausarzt, benachrichtigt werden, um die Todesbescheinigung auszustellen. Tritt der Sterbefall in einem Krankenhaus, einem Senioren- oder Pflegeheim ein, k\u00fcmmert sich die Verwaltung darum. 2. Den Bestatter Ihres Vertrauens anrufen. Das Bestattungsinstitut erledigt fr\u00fchzeitig die zahlreichen Beh\u00f6rdeng\u00e4nge [&hellip;]<\/p>\n","protected":false},"author":1,"featured_media":0,"parent":0,"menu_order":0,"comment_status":"open","ping_status":"closed","template":"page_trauerfall.php","meta":[],"_links":{"self":[{"href":"http:\/\/kubieniec.de\/index.php?rest_route=\/wp\/v2\/pages\/84"}],"collection":[{"href":"http:\/\/kubieniec.de\/index.php?rest_route=\/wp\/v2\/pages"}],"about":[{"href":"http:\/\/kubieniec.de\/index.php?rest_route=\/wp\/v2\/types\/page"}],"author":[{"embeddable":true,"href":"http:\/\/kubieniec.de\/index.php?rest_route=\/wp\/v2\/users\/1"}],"replies":[{"embeddable":true,"href":"http:\/\/kubieniec.de\/index.php?rest_route=%2Fwp%2Fv2%2Fcomments&post=84"}],"version-history":[{"count":3,"href":"http:\/\/kubieniec.de\/index.php?rest_route=\/wp\/v2\/pages\/84\/revisions"}],"predecessor-version":[{"id":200,"href":"http:\/\/kubieniec.de\/index.php?rest_route=\/wp\/v2\/pages\/84\/revisions\/200"}],"wp:attachment":[{"href":"http:\/\/kubieniec.de\/index.php?rest_route=%2Fwp%2Fv2%2Fmedia&parent=84"}],"curies":[{"name":"wp","href":"https:\/\/api.w.org\/{rel}","templated":true}]}}