{"id":57,"date":"2015-04-29T20:19:42","date_gmt":"2015-04-29T18:19:42","guid":{"rendered":"http:\/\/kubieniec.de\/?page_id=57"},"modified":"2019-09-09T17:13:58","modified_gmt":"2019-09-09T15:13:58","slug":"luftbestattung-2","status":"publish","type":"page","link":"http:\/\/kubieniec.de\/?page_id=57","title":{"rendered":"Waldbestattung"},"content":{"rendered":"<h2>Waldbestattung<\/h2>\n<p>Waldbestattung, Friedwald oder Ruhewald \u2026 eine naturnahe und w\u00fcrdevolle Alternative zur Erdbestattung auf dem \u00f6rtlichen Friedhof.<\/p>\n<p>Die Beisetzung in der weitestgehend unber\u00fchrten Natur ist der Reiz dieser Bestattung \u2013 es gibt keine Mauern und keine Grabsteine. F\u00fcr Menschen, die schon zu Lebzeiten die Ruhe und den Frieden des Waldes und der freien Natur gesch\u00e4tzt haben, kann diese Bestattungsform etwas Tr\u00f6stliches haben. Auch f\u00fcr die Angeh\u00f6rigen kann die Trauerarbeit beim Rauschen des Windes in den Bl\u00e4ttern, beim Rascheln des Laubes und dem durch die B\u00e4ume gebrochenen Licht ganz intensiv und besonders sein.<\/p>\n","protected":false},"excerpt":{"rendered":"<p>Waldbestattung Waldbestattung, Friedwald oder Ruhewald \u2026 eine naturnahe und w\u00fcrdevolle Alternative zur Erdbestattung auf dem \u00f6rtlichen Friedhof. Die Beisetzung in der weitestgehend unber\u00fchrten Natur ist der Reiz dieser Bestattung \u2013 es gibt keine Mauern und keine Grabsteine. F\u00fcr Menschen, die schon zu Lebzeiten die Ruhe und den Frieden des Waldes und der freien Natur gesch\u00e4tzt [&hellip;]<\/p>\n","protected":false},"author":1,"featured_media":0,"parent":0,"menu_order":0,"comment_status":"open","ping_status":"closed","template":"page_wald.php","meta":[],"_links":{"self":[{"href":"http:\/\/kubieniec.de\/index.php?rest_route=\/wp\/v2\/pages\/57"}],"collection":[{"href":"http:\/\/kubieniec.de\/index.php?rest_route=\/wp\/v2\/pages"}],"about":[{"href":"http:\/\/kubieniec.de\/index.php?rest_route=\/wp\/v2\/types\/page"}],"author":[{"embeddable":true,"href":"http:\/\/kubieniec.de\/index.php?rest_route=\/wp\/v2\/users\/1"}],"replies":[{"embeddable":true,"href":"http:\/\/kubieniec.de\/index.php?rest_route=%2Fwp%2Fv2%2Fcomments&post=57"}],"version-history":[{"count":5,"href":"http:\/\/kubieniec.de\/index.php?rest_route=\/wp\/v2\/pages\/57\/revisions"}],"predecessor-version":[{"id":173,"href":"http:\/\/kubieniec.de\/index.php?rest_route=\/wp\/v2\/pages\/57\/revisions\/173"}],"wp:attachment":[{"href":"http:\/\/kubieniec.de\/index.php?rest_route=%2Fwp%2Fv2%2Fmedia&parent=57"}],"curies":[{"name":"wp","href":"https:\/\/api.w.org\/{rel}","templated":true}]}}