{"id":37,"date":"2015-04-29T14:41:42","date_gmt":"2015-04-29T12:41:42","guid":{"rendered":"http:\/\/kubieniec.de\/?page_id=37"},"modified":"2015-06-24T17:44:21","modified_gmt":"2015-06-24T15:44:21","slug":"seebestattung","status":"publish","type":"page","link":"http:\/\/kubieniec.de\/?page_id=37","title":{"rendered":"Seebestattung"},"content":{"rendered":"<h2>Seebestattung<\/h2>\n<p>Seebestattungen sind in den Vorschriften gelockert und dadurch allt\u00e4glicher geworden. Hierf\u00fcr muss jedoch eine Willenserkl\u00e4rung vorliegen. Eine ganz normale Trauerfeier f\u00fcr die Hinterbliebenen mit geladenen Trauerg\u00e4sten kann dabei entweder vor der Ein\u00e4scherung stattfinden oder sie findet sp\u00e4ter bei der Beisetzung auf See statt. Eine Trauerfeier kann auch nur mit der Urne ausgestaltet werden, wobei diese im nachhinein einer Seebestattung zugef\u00fchrt wird. Innerhalb der Dreimeilenzone der Nord- oder Ostsee, auf Wunsch auch in den Weltmeeren, wird die Asche des Verstorbenen in einer speziellen Seeurne dem Meer \u00fcbergeben. Auf einer Landkarte werden die nautischen Daten des Beisetzungsortes festgehalten und den Hinterbliebenen \u00fcbergeben.<\/p>\n","protected":false},"excerpt":{"rendered":"<p>Seebestattung Seebestattungen sind in den Vorschriften gelockert und dadurch allt\u00e4glicher geworden. Hierf\u00fcr muss jedoch eine Willenserkl\u00e4rung vorliegen. Eine ganz normale Trauerfeier f\u00fcr die Hinterbliebenen mit geladenen Trauerg\u00e4sten kann dabei entweder vor der Ein\u00e4scherung stattfinden oder sie findet sp\u00e4ter bei der Beisetzung auf See statt. Eine Trauerfeier kann auch nur mit der Urne ausgestaltet werden, wobei [&hellip;]<\/p>\n","protected":false},"author":1,"featured_media":0,"parent":0,"menu_order":0,"comment_status":"open","ping_status":"closed","template":"page_see.php","meta":[],"_links":{"self":[{"href":"http:\/\/kubieniec.de\/index.php?rest_route=\/wp\/v2\/pages\/37"}],"collection":[{"href":"http:\/\/kubieniec.de\/index.php?rest_route=\/wp\/v2\/pages"}],"about":[{"href":"http:\/\/kubieniec.de\/index.php?rest_route=\/wp\/v2\/types\/page"}],"author":[{"embeddable":true,"href":"http:\/\/kubieniec.de\/index.php?rest_route=\/wp\/v2\/users\/1"}],"replies":[{"embeddable":true,"href":"http:\/\/kubieniec.de\/index.php?rest_route=%2Fwp%2Fv2%2Fcomments&post=37"}],"version-history":[{"count":4,"href":"http:\/\/kubieniec.de\/index.php?rest_route=\/wp\/v2\/pages\/37\/revisions"}],"predecessor-version":[{"id":99,"href":"http:\/\/kubieniec.de\/index.php?rest_route=\/wp\/v2\/pages\/37\/revisions\/99"}],"wp:attachment":[{"href":"http:\/\/kubieniec.de\/index.php?rest_route=%2Fwp%2Fv2%2Fmedia&parent=37"}],"curies":[{"name":"wp","href":"https:\/\/api.w.org\/{rel}","templated":true}]}}